{"id":18332,"date":"2024-03-02T19:00:53","date_gmt":"2024-03-02T18:00:53","guid":{"rendered":"https:\/\/etxebeltza.eus\/?page_id=18332"},"modified":"2025-12-16T20:59:04","modified_gmt":"2025-12-16T19:59:04","slug":"asanblada","status":"publish","type":"page","link":"https:\/\/etxebeltza.eus\/eu\/asanblada\/","title":{"rendered":"Asanblada"},"content":{"rendered":"\t\t<div data-elementor-type=\"wp-page\" data-elementor-id=\"18332\" class=\"elementor elementor-18332\" data-elementor-post-type=\"page\">\n\t\t\t\t<div class=\"elementor-element elementor-element-b506fa2 e-con-full jedv-enabled--yes e-flex e-con e-parent\" data-id=\"b506fa2\" data-element_type=\"container\" data-settings=\"{&quot;jet_parallax_layout_list&quot;:[]}\">\n\t\t\t\t<div class=\"elementor-element elementor-element-0d428f8 elementor-widget elementor-widget-template\" data-id=\"0d428f8\" data-element_type=\"widget\" data-widget_type=\"template.default\">\n\t\t\t\t<div class=\"elementor-widget-container\">\n\t\t\t\t\t\t\t<div class=\"elementor-template\">\n\t\t\t\t\t<div data-elementor-type=\"container\" data-elementor-id=\"21308\" class=\"elementor elementor-21308\" data-elementor-post-type=\"elementor_library\">\n\t\t\t\t<div class=\"elementor-element elementor-element-9b268f6 e-con-full jedv-enabled--yes e-flex e-con e-parent\" data-id=\"9b268f6\" data-element_type=\"container\" data-settings=\"{&quot;jet_parallax_layout_list&quot;:[],&quot;background_background&quot;:&quot;classic&quot;}\">\n\t\t\t\t<div class=\"elementor-element elementor-element-4360df9 elementor-widget elementor-widget-heading\" data-id=\"4360df9\" data-element_type=\"widget\" data-widget_type=\"heading.default\">\n\t\t\t\t<div class=\"elementor-widget-container\">\n\t\t\t\t\t<h2 class=\"elementor-heading-title elementor-size-default\">Bazkide&nbsp;txokoa<\/h2>\t\t\t\t<\/div>\n\t\t\t\t<\/div>\n\t\t\t\t<div class=\"elementor-element elementor-element-4811e92 elementor-widget elementor-widget-jet-login\" data-id=\"4811e92\" data-element_type=\"widget\" data-widget_type=\"jet-login.default\">\n\t\t\t\t<div class=\"elementor-widget-container\">\n\t\t\t\t\t<div class=\"elementor-jet-login jet-blocks\"><div class=\"jet-login\"><form name=\"loginform\" id=\"loginform\"  method=\"post\"><p class=\"login-username\">\n\t\t\t\t<label for=\"user_login\"><\/label>\n\t\t\t\t<input type=\"text\" name=\"log\" id=\"user_login\" placeholder=\"   Erabiltzailea\" autocomplete=\"username\" class=\"input\" value=\"\" size=\"20\" \/>\n\t\t\t<\/p><p class=\"login-password\">\n\t\t\t\t<label for=\"user_pass\"><\/label>\n\t\t\t\t<p class=\"login-password__wrapper\"><input type=\"password\" name=\"pwd\" id=\"user_pass\" placeholder=\"   Pasahitza\" autocomplete=\"current-password\" spellcheck=\"false\" class=\"input\" value=\"\" size=\"20\" \/>\n\t\t\t<svg xmlns=\"http:\/\/www.w3.org\/2000\/svg\" aria-hidden=\"true\" class=\"e-font-icon-svg e-far-eye password-visibility__icon password-visibility__icon--show show\" viewBox=\"0 0 576 512\">\n\t\t\t\t<path d=\"M288 144a110.94 110.94 0 0 0-31.24 5 55.4 55.4 0 0 1 7.24 27 56 56 0 0 1-56 56 55.4 55.4 0 0 1-27-7.24A111.71 111.71 0 1 0 288 144zm284.52 97.4C518.29 135.59 410.93 64 288 64S57.68 135.64 3.48 241.41a32.35 32.35 0 0 0 0 29.19C57.71 376.41 165.07 448 288 448s230.32-71.64 284.52-177.41a32.35 32.35 0 0 0 0-29.19zM288 400c-98.65 0-189.09-55-237.93-144C98.91 167 189.34 112 288 112s189.09 55 237.93 144C477.1 345 386.66 400 288 400z\"><\/path>\n\t\t\t<\/svg>\n\t\t\t<svg xmlns=\"http:\/\/www.w3.org\/2000\/svg\" aria-hidden=\"true\" class=\"e-font-icon-svg e-far-eye-slash password-visibility__icon password-visibility__icon--hide\" viewBox=\"0 0 640 512\">\n\t\t\t\t<path d=\"M634 471L36 3.51A16 16 0 0 0 13.51 6l-10 12.49A16 16 0 0 0 6 41l598 467.49a16 16 0 0 0 22.49-2.49l10-12.49A16 16 0 0 0 634 471zM296.79 146.47l134.79 105.38C429.36 191.91 380.48 144 320 144a112.26 112.26 0 0 0-23.21 2.47zm46.42 219.07L208.42 260.16C210.65 320.09 259.53 368 320 368a113 113 0 0 0 23.21-2.46zM320 112c98.65 0 189.09 55 237.93 144a285.53 285.53 0 0 1-44 60.2l37.74 29.5a333.7 333.7 0 0 0 52.9-75.11 32.35 32.35 0 0 0 0-29.19C550.29 135.59 442.93 64 320 64c-36.7 0-71.71 7-104.63 18.81l46.41 36.29c18.94-4.3 38.34-7.1 58.22-7.1zm0 288c-98.65 0-189.08-55-237.93-144a285.47 285.47 0 0 1 44.05-60.19l-37.74-29.5a333.6 333.6 0 0 0-52.89 75.1 32.35 32.35 0 0 0 0 29.19C89.72 376.41 197.08 448 320 448c36.7 0 71.71-7.05 104.63-18.81l-46.41-36.28C359.28 397.2 339.89 400 320 400z\"><\/path>\n\t\t\t<\/svg><\/p>\n\t\t\t<\/p><p class=\"login-remember\"><label><input name=\"rememberme\" type=\"checkbox\" id=\"rememberme\" value=\"forever\" \/> Saioa irekita utzi<\/label><\/p><p class=\"login-submit\">\n\t\t\t\t<input type=\"submit\" name=\"wp-submit\" id=\"wp-submit\" class=\"button button-primary\" value=\"Saioa hasi\" \/>\n\t\t\t\t<input type=\"hidden\" name=\"redirect_to\" value=\"https:\/\/etxebeltza.eus\/eu\/bazkide-txokoa\" \/>\n\t\t\t<\/p><input type=\"hidden\" name=\"jet_login\" value=\"1\"><\/form><\/div><\/div>\t\t\t\t<\/div>\n\t\t\t\t<\/div>\n\t\t\t\t<div class=\"elementor-element elementor-element-9c44272 letra-fina elementor-widget elementor-widget-heading\" data-id=\"9c44272\" data-element_type=\"widget\" data-widget_type=\"heading.default\">\n\t\t\t\t<div class=\"elementor-widget-container\">\n\t\t\t\t\t<h2 class=\"elementor-heading-title elementor-size-default\"><a href=\"https:\/\/etxebeltza.eus\/restaurar-contrasena\/\">Ez dut pasahitza gogoratzen<\/a><\/h2>\t\t\t\t<\/div>\n\t\t\t\t<\/div>\n\t\t\t\t<div class=\"elementor-element elementor-element-92fe247 elementor-widget elementor-widget-html\" data-id=\"92fe247\" data-element_type=\"widget\" data-widget_type=\"html.default\">\n\t\t\t\t<div class=\"elementor-widget-container\">\n\t\t\t\t\t<script>\ndocument.addEventListener('DOMContentLoaded', function () {\n    \/\/ Observador de mutaciones para detectar cambios en el DOM y modificar el mensaje de error de JetLogin\n    const observer = new MutationObserver((mutationsList) => {\n        for (let mutation of mutationsList) {\n            if (mutation.type === 'childList') {\n                \/\/ Selecciona el mensaje de error del JetLogin\n                const jetLoginMessage = document.querySelector('.jet-login-message');\n\n                \/\/ Si el mensaje de error est\u00e1 presente\n                if (jetLoginMessage) {\n                    \/\/ Oculta inmediatamente el contenido original para evitar que se vea\n                    jetLoginMessage.style.display = 'none'; \/\/ Esconde el mensaje inmediatamente\n\n                    \/\/ Determina el idioma de la p\u00e1gina\n                    const lang = document.documentElement.lang || 'es'; \/\/ Default to 'es' if no lang attribute\n\n                    \/\/ Define el mensaje basado en el idioma\n                    let errorMessage = 'Usuario\/contrase\u00f1a incorrectos.';\n                    if (lang.startsWith('eu')) {\n                        errorMessage =  'Bazkide\/pasahitza okerrak.';\n                    }\n\n                    \/\/ Asigna el mensaje personalizado y lo hace visible\n                    jetLoginMessage.textContent = errorMessage;\n                    jetLoginMessage.style.display = 'block';\n                    jetLoginMessage.style.visibility = 'visible'; \/\/ Asegura que se vea el mensaje correcto\n                }\n            }\n        }\n    });\n\n    \/\/ Inicia el observador en el body para capturar cualquier cambio en el DOM\n    observer.observe(document.body, {\n        childList: true,\n        subtree: true,\n    });\n});\n<\/script>\t\t\t\t<\/div>\n\t\t\t\t<\/div>\n\t\t\t\t<\/div>\n\t\t\t\t<\/div>\n\t\t\t\t<\/div>\n\t\t\t\t\t\t<\/div>\n\t\t\t\t<\/div>\n\t\t\t\t<\/div>\n\t\t\t\t<\/div>\n\t\t","protected":false},"excerpt":{"rendered":"<p>Aktak Aukeratu&#8230; + Aktak&nbsp;igo test2 2025\/12\/17 test1 2025\/12\/16 Juntari Idatzi Bidali<\/p>\n","protected":false},"author":1,"featured_media":23098,"parent":0,"menu_order":0,"comment_status":"closed","ping_status":"closed","template":"","meta":{"footnotes":""},"categoria-documentos":[],"class_list":["post-18332","page","type-page","status-publish","has-post-thumbnail","hentry"],"yoast_head":"<!-- This site is optimized with the Yoast SEO plugin v26.6 - https:\/\/yoast.com\/wordpress\/plugins\/seo\/ -->\n<title>Asanblada - Etxebeltza Elkartea<\/title>\n<meta name=\"description\" content=\"P\u00e1gina s\u00f3lo accesible para los socios y socias de Etxebeltza, donde se subir\u00e1n actas y dem\u00e1s informaci\u00f3n de la sociedad.\" \/>\n<meta name=\"robots\" content=\"index, follow, max-snippet:-1, max-image-preview:large, max-video-preview:-1\" \/>\n<link rel=\"canonical\" href=\"https:\/\/etxebeltza.eus\/asamblada\/\" \/>\n<meta property=\"og:locale\" content=\"eu_ES\" \/>\n<meta property=\"og:type\" content=\"article\" \/>\n<meta property=\"og:title\" content=\"Asanblada - Etxebeltza Elkartea\" \/>\n<meta property=\"og:description\" content=\"P\u00e1gina s\u00f3lo accesible para los socios y socias de Etxebeltza, donde se subir\u00e1n actas y dem\u00e1s informaci\u00f3n de la sociedad.\" \/>\n<meta property=\"og:url\" content=\"https:\/\/etxebeltza.eus\/asamblada\/\" \/>\n<meta property=\"og:site_name\" content=\"Etxebeltza Elkartea\" \/>\n<meta property=\"article:publisher\" content=\"https:\/\/m.facebook.com\/elkartea.etxebeltza\/?locale=es_ES\" \/>\n<meta property=\"article:modified_time\" content=\"2025-12-16T19:59:04+00:00\" \/>\n<meta property=\"og:image\" content=\"https:\/\/etxebeltza.eus\/wp-content\/uploads\/2024\/09\/etxebeltza_partekatzeko-1-1.png\" \/>\n\t<meta property=\"og:image:width\" content=\"1200\" \/>\n\t<meta property=\"og:image:height\" content=\"630\" \/>\n\t<meta property=\"og:image:type\" content=\"image\/png\" \/>\n<meta name=\"twitter:card\" content=\"summary_large_image\" \/>\n<meta name=\"twitter:label1\" content=\"Est. reading time\" \/>\n\t<meta name=\"twitter:data1\" content=\"3 minutes\" \/>\n<script type=\"application\/ld+json\" class=\"yoast-schema-graph\">{\"@context\":\"https:\/\/schema.org\",\"@graph\":[{\"@type\":\"WebPage\",\"@id\":\"https:\/\/etxebeltza.eus\/asamblada\/\",\"url\":\"https:\/\/etxebeltza.eus\/asamblada\/\",\"name\":\"Asanblada - Etxebeltza Elkartea\",\"isPartOf\":{\"@id\":\"https:\/\/etxebeltza.eus\/#website\"},\"primaryImageOfPage\":{\"@id\":\"https:\/\/etxebeltza.eus\/asamblada\/#primaryimage\"},\"image\":{\"@id\":\"https:\/\/etxebeltza.eus\/asamblada\/#primaryimage\"},\"thumbnailUrl\":\"https:\/\/etxebeltza.eus\/wp-content\/uploads\/2024\/09\/etxebeltza_partekatzeko-1-1.png\",\"datePublished\":\"2024-03-02T18:00:53+00:00\",\"dateModified\":\"2025-12-16T19:59:04+00:00\",\"description\":\"P\u00e1gina s\u00f3lo accesible para los socios y socias de Etxebeltza, donde se subir\u00e1n actas y dem\u00e1s informaci\u00f3n de la sociedad.\",\"breadcrumb\":{\"@id\":\"https:\/\/etxebeltza.eus\/asamblada\/#breadcrumb\"},\"inLanguage\":\"eu-ES\",\"potentialAction\":[{\"@type\":\"ReadAction\",\"target\":[\"https:\/\/etxebeltza.eus\/asamblada\/\"]}]},{\"@type\":\"ImageObject\",\"inLanguage\":\"eu-ES\",\"@id\":\"https:\/\/etxebeltza.eus\/asamblada\/#primaryimage\",\"url\":\"https:\/\/etxebeltza.eus\/wp-content\/uploads\/2024\/09\/etxebeltza_partekatzeko-1-1.png\",\"contentUrl\":\"https:\/\/etxebeltza.eus\/wp-content\/uploads\/2024\/09\/etxebeltza_partekatzeko-1-1.png\",\"width\":1200,\"height\":630},{\"@type\":\"BreadcrumbList\",\"@id\":\"https:\/\/etxebeltza.eus\/asamblada\/#breadcrumb\",\"itemListElement\":[{\"@type\":\"ListItem\",\"position\":1,\"name\":\"Portada\",\"item\":\"https:\/\/etxebeltza.eus\/eu\/\"},{\"@type\":\"ListItem\",\"position\":2,\"name\":\"Asanblada\"}]},{\"@type\":\"WebSite\",\"@id\":\"https:\/\/etxebeltza.eus\/#website\",\"url\":\"https:\/\/etxebeltza.eus\/\",\"name\":\"Etxebeltza Elkartea\",\"description\":\"Atarrabiako Elkarte Kultural eta Euskaltzalea\",\"publisher\":{\"@id\":\"https:\/\/etxebeltza.eus\/#organization\"},\"alternateName\":\"Etxebeltza\",\"potentialAction\":[{\"@type\":\"SearchAction\",\"target\":{\"@type\":\"EntryPoint\",\"urlTemplate\":\"https:\/\/etxebeltza.eus\/?s={search_term_string}\"},\"query-input\":{\"@type\":\"PropertyValueSpecification\",\"valueRequired\":true,\"valueName\":\"search_term_string\"}}],\"inLanguage\":\"eu-ES\"},{\"@type\":\"Organization\",\"@id\":\"https:\/\/etxebeltza.eus\/#organization\",\"name\":\"Etxebeltza Elkartea\",\"alternateName\":\"Etxebeltza\",\"url\":\"https:\/\/etxebeltza.eus\/\",\"logo\":{\"@type\":\"ImageObject\",\"inLanguage\":\"eu-ES\",\"@id\":\"https:\/\/etxebeltza.eus\/#\/schema\/logo\/image\/\",\"url\":\"https:\/\/etxebeltza.eus\/wp-content\/uploads\/2024\/06\/cropped-Etxebeltza-logo.png\",\"contentUrl\":\"https:\/\/etxebeltza.eus\/wp-content\/uploads\/2024\/06\/cropped-Etxebeltza-logo.png\",\"width\":512,\"height\":512,\"caption\":\"Etxebeltza Elkartea\"},\"image\":{\"@id\":\"https:\/\/etxebeltza.eus\/#\/schema\/logo\/image\/\"},\"sameAs\":[\"https:\/\/m.facebook.com\/elkartea.etxebeltza\/?locale=es_ES\",\"https:\/\/www.instagram.com\/etxebeltzaelkartea\/\",\"https:\/\/m.youtube.com\/@etxebeltzaelkartea9272\"]}]}<\/script>\n<!-- \/ Yoast SEO plugin. -->","yoast_head_json":{"title":"Asanblada - Etxebeltza Elkartea","description":"P\u00e1gina s\u00f3lo accesible para los socios y socias de Etxebeltza, donde se subir\u00e1n actas y dem\u00e1s informaci\u00f3n de la sociedad.","robots":{"index":"index","follow":"follow","max-snippet":"max-snippet:-1","max-image-preview":"max-image-preview:large","max-video-preview":"max-video-preview:-1"},"canonical":"https:\/\/etxebeltza.eus\/asamblada\/","og_locale":"eu_ES","og_type":"article","og_title":"Asanblada - Etxebeltza Elkartea","og_description":"P\u00e1gina s\u00f3lo accesible para los socios y socias de Etxebeltza, donde se subir\u00e1n actas y dem\u00e1s informaci\u00f3n de la sociedad.","og_url":"https:\/\/etxebeltza.eus\/asamblada\/","og_site_name":"Etxebeltza Elkartea","article_publisher":"https:\/\/m.facebook.com\/elkartea.etxebeltza\/?locale=es_ES","article_modified_time":"2025-12-16T19:59:04+00:00","og_image":[{"width":1200,"height":630,"url":"https:\/\/etxebeltza.eus\/wp-content\/uploads\/2024\/09\/etxebeltza_partekatzeko-1-1.png","type":"image\/png"}],"twitter_card":"summary_large_image","twitter_misc":{"Est. reading time":"3 minutes"},"schema":{"@context":"https:\/\/schema.org","@graph":[{"@type":"WebPage","@id":"https:\/\/etxebeltza.eus\/asamblada\/","url":"https:\/\/etxebeltza.eus\/asamblada\/","name":"Asanblada - Etxebeltza Elkartea","isPartOf":{"@id":"https:\/\/etxebeltza.eus\/#website"},"primaryImageOfPage":{"@id":"https:\/\/etxebeltza.eus\/asamblada\/#primaryimage"},"image":{"@id":"https:\/\/etxebeltza.eus\/asamblada\/#primaryimage"},"thumbnailUrl":"https:\/\/etxebeltza.eus\/wp-content\/uploads\/2024\/09\/etxebeltza_partekatzeko-1-1.png","datePublished":"2024-03-02T18:00:53+00:00","dateModified":"2025-12-16T19:59:04+00:00","description":"P\u00e1gina s\u00f3lo accesible para los socios y socias de Etxebeltza, donde se subir\u00e1n actas y dem\u00e1s informaci\u00f3n de la sociedad.","breadcrumb":{"@id":"https:\/\/etxebeltza.eus\/asamblada\/#breadcrumb"},"inLanguage":"eu-ES","potentialAction":[{"@type":"ReadAction","target":["https:\/\/etxebeltza.eus\/asamblada\/"]}]},{"@type":"ImageObject","inLanguage":"eu-ES","@id":"https:\/\/etxebeltza.eus\/asamblada\/#primaryimage","url":"https:\/\/etxebeltza.eus\/wp-content\/uploads\/2024\/09\/etxebeltza_partekatzeko-1-1.png","contentUrl":"https:\/\/etxebeltza.eus\/wp-content\/uploads\/2024\/09\/etxebeltza_partekatzeko-1-1.png","width":1200,"height":630},{"@type":"BreadcrumbList","@id":"https:\/\/etxebeltza.eus\/asamblada\/#breadcrumb","itemListElement":[{"@type":"ListItem","position":1,"name":"Portada","item":"https:\/\/etxebeltza.eus\/eu\/"},{"@type":"ListItem","position":2,"name":"Asanblada"}]},{"@type":"WebSite","@id":"https:\/\/etxebeltza.eus\/#website","url":"https:\/\/etxebeltza.eus\/","name":"Etxebeltza Elkartea","description":"Atarrabiako Elkarte Kultural eta Euskaltzalea","publisher":{"@id":"https:\/\/etxebeltza.eus\/#organization"},"alternateName":"Etxebeltza","potentialAction":[{"@type":"SearchAction","target":{"@type":"EntryPoint","urlTemplate":"https:\/\/etxebeltza.eus\/?s={search_term_string}"},"query-input":{"@type":"PropertyValueSpecification","valueRequired":true,"valueName":"search_term_string"}}],"inLanguage":"eu-ES"},{"@type":"Organization","@id":"https:\/\/etxebeltza.eus\/#organization","name":"Etxebeltza Elkartea","alternateName":"Etxebeltza","url":"https:\/\/etxebeltza.eus\/","logo":{"@type":"ImageObject","inLanguage":"eu-ES","@id":"https:\/\/etxebeltza.eus\/#\/schema\/logo\/image\/","url":"https:\/\/etxebeltza.eus\/wp-content\/uploads\/2024\/06\/cropped-Etxebeltza-logo.png","contentUrl":"https:\/\/etxebeltza.eus\/wp-content\/uploads\/2024\/06\/cropped-Etxebeltza-logo.png","width":512,"height":512,"caption":"Etxebeltza Elkartea"},"image":{"@id":"https:\/\/etxebeltza.eus\/#\/schema\/logo\/image\/"},"sameAs":["https:\/\/m.facebook.com\/elkartea.etxebeltza\/?locale=es_ES","https:\/\/www.instagram.com\/etxebeltzaelkartea\/","https:\/\/m.youtube.com\/@etxebeltzaelkartea9272"]}]}},"_links":{"self":[{"href":"https:\/\/etxebeltza.eus\/eu\/wp-json\/wp\/v2\/pages\/18332","targetHints":{"allow":["GET"]}}],"collection":[{"href":"https:\/\/etxebeltza.eus\/eu\/wp-json\/wp\/v2\/pages"}],"about":[{"href":"https:\/\/etxebeltza.eus\/eu\/wp-json\/wp\/v2\/types\/page"}],"author":[{"embeddable":true,"href":"https:\/\/etxebeltza.eus\/eu\/wp-json\/wp\/v2\/users\/1"}],"replies":[{"embeddable":true,"href":"https:\/\/etxebeltza.eus\/eu\/wp-json\/wp\/v2\/comments?post=18332"}],"version-history":[{"count":8,"href":"https:\/\/etxebeltza.eus\/eu\/wp-json\/wp\/v2\/pages\/18332\/revisions"}],"predecessor-version":[{"id":25241,"href":"https:\/\/etxebeltza.eus\/eu\/wp-json\/wp\/v2\/pages\/18332\/revisions\/25241"}],"wp:featuredmedia":[{"embeddable":true,"href":"https:\/\/etxebeltza.eus\/eu\/wp-json\/wp\/v2\/media\/23098"}],"wp:attachment":[{"href":"https:\/\/etxebeltza.eus\/eu\/wp-json\/wp\/v2\/media?parent=18332"}],"wp:term":[{"taxonomy":"categoria-documentos","embeddable":true,"href":"https:\/\/etxebeltza.eus\/eu\/wp-json\/wp\/v2\/categoria-documentos?post=18332"}],"curies":[{"name":"wp","href":"https:\/\/api.w.org\/{rel}","templated":true}]}}